{"id":93,"date":"2020-12-15T20:16:21","date_gmt":"2020-12-15T20:16:21","guid":{"rendered":"https:\/\/hdp.religionoflight.org\/?page_id=93"},"modified":"2023-05-29T17:02:32","modified_gmt":"2023-05-29T17:02:32","slug":"downloads","status":"publish","type":"page","link":"https:\/\/hisdivinepresence.org\/en\/downloads\/","title":{"rendered":"Downloads"},"content":{"rendered":"<p><strong>Publications<\/strong><\/p>\n<ul>\n<li><a href=\"https:\/\/hisdivinepresence.org\/en\/publications\/selections-from-the-giliana-kudsha\/\">Selections from the Giliana Kudsha &#8211; Volume 1<\/a><\/li>\n<\/ul>\n<hr \/>\n<p><strong>Videos<\/strong><\/p>\n<ul>\n<li><a href=\"https:\/\/www.youtube.com\/watch?v=L6FfW4sjTgg&#038;list=PLQxFd5vuvqVBhXYsmlcfYD8AEI-G7vTDK\" rel=\"noopener\" target=\"_blank\">The Twelve Virtues Playlist on YouTube<\/a><\/li>\n<li><a href=\"https:\/\/rumble.com\/c\/c-406965\" rel=\"noopener\" target=\"_blank\">Videos hosted on Rumble.com<\/a><\/li>\n<\/ul>\n<hr \/>\n<p><strong>Backgrounds \/ Wallpaper \/ Scripture Images<\/strong><\/p>\n<p><a href=\"https:\/\/hisdivinepresence.org\/en\/wp-content\/uploads\/2020\/12\/quote_004_en.jpg\" target=\"_blank\" rel=\"noopener\"><img loading=\"lazy\" decoding=\"async\" src=\"https:\/\/hisdivinepresence.org\/en\/wp-content\/uploads\/2020\/12\/quote_004_en-1024x683.jpg\" alt=\"\" width=\"625\" height=\"417\" class=\"aligncenter size-large wp-image-102\" srcset=\"https:\/\/hisdivinepresence.org\/en\/wp-content\/uploads\/2020\/12\/quote_004_en-1024x683.jpg 1024w, https:\/\/hisdivinepresence.org\/en\/wp-content\/uploads\/2020\/12\/quote_004_en-300x200.jpg 300w, https:\/\/hisdivinepresence.org\/en\/wp-content\/uploads\/2020\/12\/quote_004_en-768x512.jpg 768w, https:\/\/hisdivinepresence.org\/en\/wp-content\/uploads\/2020\/12\/quote_004_en-1536x1024.jpg 1536w, https:\/\/hisdivinepresence.org\/en\/wp-content\/uploads\/2020\/12\/quote_004_en-2048x1365.jpg 2048w\" sizes=\"auto, (max-width: 625px) 100vw, 625px\" \/><\/a><\/p>\n<p><a href=\"https:\/\/hisdivinepresence.org\/en\/wp-content\/uploads\/2020\/12\/quote_004_en.jpg\" target=\"_blank\" rel=\"noopener\">Click the image for the full size<\/p>\n<p><\/a><\/p>\n<hr \/>\n<p><strong>Documents in Portuguese<\/strong><\/p>\n<ul>\n<li><a href=\"https:\/\/hisdivinepresence.org\/en\/wp-content\/uploads\/2021\/01\/Persecution-Remnant-24jan2021-pt-br.pdf\" rel=\"noopener\" target=\"_blank\">Persegui\u00e7\u00e3o ao Remanescente<\/a><\/li>\n<li><a href=\"https:\/\/hisdivinepresence.org\/en\/wp-content\/uploads\/2020\/12\/LuzdaLuz-pt-br.pdf\" rel=\"noopener\" target=\"_blank\">Luz da Luz<\/a><\/li>\n<li><a href=\"https:\/\/hisdivinepresence.org\/en\/wp-content\/uploads\/2020\/12\/Alimentando-sedaPalavrasSagradas-pt-br.pdf\" rel=\"noopener\" target=\"_blank\">Alimentando-se das Palavras Sagradas<\/a><\/li>\n<li><a href=\"https:\/\/hisdivinepresence.org\/en\/wp-content\/uploads\/2020\/12\/EuenvieiMeuTabernaculo-pt-br.pdf\" rel=\"noopener\" target=\"_blank\">Eu enviei Meu Tabern\u00e1culo<\/a> (translation of &#8220;I Have Sent My Tabernacle&#8221;)<\/li>\n<li><a href=\"https:\/\/hisdivinepresence.org\/en\/wp-content\/uploads\/2020\/12\/DezMandamentos-TEN-COMMANDMENTS-pt-br.pdf\" rel=\"noopener\" target=\"_blank\">Dez Mandamentos<\/a> (translation of the Ten Commandments, PDF)<\/li>\n<li><a href=\"https:\/\/hisdivinepresence.org\/en\/wp-content\/uploads\/2020\/12\/OTeuLivroSagrado-YOUR-HOLY-BOOK-pt-br.pdf\" rel=\"noopener\" target=\"_blank\">O Teu Livro Sagrado<\/a> (translation of &#8220;Your Holy Book&#8221;, PDF)<\/li>\n<\/ul>\n<hr \/>\n<p><strong>Documents in Spanish<\/strong><\/p>\n<ul>\n<li><a href=\"https:\/\/hisdivinepresence.org\/en\/wp-content\/uploads\/2021\/01\/Persecution-of-the-Remnant-January-24th-2021-es-es.pdf\" rel=\"noopener\" target=\"_blank\">Persecuci\u00f3n del Remanente<\/a><\/li>\n<li><a href=\"https:\/\/hisdivinepresence.org\/en\/wp-content\/uploads\/2021\/01\/Readings-for-the-Gatherings-January-13th-2021-es-es.pdf\" rel=\"noopener\" target=\"_blank\">Lecturas para las Congregaciones<\/a><\/li>\n<li><a href=\"https:\/\/hisdivinepresence.org\/en\/wp-content\/uploads\/2021\/01\/The-Words-I-Speak-January-5th-2021-es-es.pdf\" rel=\"noopener\" target=\"_blank\">Las Palabras que Hablo<\/a><\/li>\n<li><a href=\"https:\/\/hisdivinepresence.org\/en\/wp-content\/uploads\/2020\/12\/Ask-and-it-will-be-Given-December-31st-2020-es-es.pdf\" rel=\"noopener\" target=\"_blank\">Pedid y Se os Dar\u00e1<\/a><\/li>\n<li><a href=\"https:\/\/hisdivinepresence.org\/en\/wp-content\/uploads\/2020\/12\/Message-Giving-to-Charity-December-28th-2020-es-es.pdf\" rel=\"noopener\" target=\"_blank\">Dar a la Caridad<\/a><\/li>\n<li><a href=\"https:\/\/hisdivinepresence.org\/en\/wp-content\/uploads\/2020\/12\/Hold-to-That-Which-is-Holy-24th-December-2020-es-es.pdf\" rel=\"noopener\" target=\"_blank\">Aferraos a lo Que es Santo<\/a><\/li>\n<li><a href=\"https:\/\/hisdivinepresence.org\/en\/wp-content\/uploads\/2020\/12\/Worship-God-and-Honour-His-Messenger-December-22nd-2020-es-es.pdf\" rel=\"noopener\" target=\"_blank\">Adorad a Dios y Honrad a Su Mensajero<\/a><\/li>\n<li><a href=\"https:\/\/hisdivinepresence.org\/en\/wp-content\/uploads\/2020\/12\/Message-Complete-Faith-es-es.pdf\">Fe Completa<\/a><\/li>\n<li><a href=\"https:\/\/hisdivinepresence.org\/en\/wp-content\/uploads\/2020\/12\/Message-Feeding-on-the-Sacred-Words-December-19th-2020-es-es.pdf\" rel=\"noopener\" target=\"_blank\">Aliment\u00e1ndose de las Palabras Sagradas<\/a><\/li>\n<li><a href=\"https:\/\/hisdivinepresence.org\/en\/wp-content\/uploads\/2020\/12\/Message-Light-from-Light-December-18th-2020-es-es.pdf\" rel=\"noopener\" target=\"_blank\">Luz de Luz<\/a><\/li>\n<li><a href=\"https:\/\/hisdivinepresence.org\/en\/wp-content\/uploads\/2020\/12\/Seek-the-Good-in-All-December-21st-2020-es-es.pdf\" rel=\"noopener\" target=\"_blank\">Buscad lo Bueno en Todos<\/a><\/li>\n<li><a href=\"https:\/\/hisdivinepresence.org\/en\/wp-content\/uploads\/2020\/12\/Message-Sent-My-Tabernacle-December-16th-2020-es-es.pdf\" rel=\"noopener\" target=\"_blank\">He Enviado a Mi Tabern\u00e1culo<\/a><\/li>\n<li><a href=\"https:\/\/hisdivinepresence.org\/en\/wp-content\/uploads\/2020\/12\/Those-who-Labour-for-Others-Mir-Izgadda-es-es.pdf\" rel=\"noopener\" target=\"_blank\">Los que Trabajan por los Dem\u00e1s<\/a><\/li>\n<li><a href=\"https:\/\/hisdivinepresence.org\/en\/wp-content\/uploads\/2020\/12\/Mir-Izgadda-Teachings-Collection-16th-December-2020-es-es.pdf\" rel=\"noopener\" target=\"_blank\">Ense\u00f1anzas de Mir Izgadda<\/a> (translation of revelations up to 16 Dec. 2020)<\/li>\n<li><a href=\"https:\/\/hisdivinepresence.org\/en\/wp-content\/uploads\/2020\/12\/Hazte-un-Discipulo-BECOME-A-DISCIPLE-Updated-16th-December-2020-es-es.pdf\" rel=\"noopener\" target=\"_blank\">Hazte un Disc\u00edpulo<\/a><\/li>\n<li><a href=\"https:\/\/hisdivinepresence.org\/en\/wp-content\/uploads\/2020\/12\/LosMandamientos-TEN-COMMANDMENTS-Updated-16th-December-2020-es-es.pdf\" rel=\"noopener\" target=\"_blank\">Los Mandamientos<\/a><\/li>\n<\/ul>\n<hr>\n<p><strong>More Images<\/strong><\/p>\n<table>\n<tbody>\n<tr>\n<td><a href=\"https:\/\/hisdivinepresence.org\/en\/wp-content\/uploads\/2020\/12\/glass-prism-light-mi-01-pt-br.jpg\"><img loading=\"lazy\" decoding=\"async\" src=\"https:\/\/hisdivinepresence.org\/en\/wp-content\/uploads\/2020\/12\/glass-prism-light-mi-01-pt-br-150x150.jpg\" alt=\"\" width=\"150\" height=\"150\" class=\"alignnone size-thumbnail wp-image-147\" \/><br \/>Portuguese<\/a><\/td>\n<td><a href=\"https:\/\/hisdivinepresence.org\/en\/wp-content\/uploads\/2020\/12\/glass-prism-light-mi-01-es-es.jpg\"><img loading=\"lazy\" decoding=\"async\" src=\"https:\/\/hisdivinepresence.org\/en\/wp-content\/uploads\/2020\/12\/glass-prism-light-mi-01-es-es-150x150.jpg\" alt=\"\" width=\"150\" height=\"150\" class=\"alignnone size-thumbnail wp-image-145\" \/><br \/>Spanish<\/a><\/td>\n<td><a href=\"https:\/\/hisdivinepresence.org\/en\/wp-content\/uploads\/2020\/12\/glass-prism-light-mi-01-french.jpg\"><img loading=\"lazy\" decoding=\"async\" src=\"https:\/\/hisdivinepresence.org\/en\/wp-content\/uploads\/2020\/12\/glass-prism-light-mi-01-french-150x150.jpg\" alt=\"\" width=\"150\" height=\"150\" class=\"alignnone size-thumbnail wp-image-146\" \/><br \/>French<\/a><\/td>\n<td><a href=\"https:\/\/hisdivinepresence.org\/en\/wp-content\/uploads\/2020\/12\/glass-prism-light-mi-01-english.jpg\"><img loading=\"lazy\" decoding=\"async\" src=\"https:\/\/hisdivinepresence.org\/en\/wp-content\/uploads\/2020\/12\/glass-prism-light-mi-01-english-150x150.jpg\" alt=\"\" width=\"150\" height=\"150\" class=\"alignnone size-thumbnail wp-image-129\" \/><br \/>English<\/a><\/td>\n<\/tr>\n<\/tbody>\n<\/table>\n","protected":false},"excerpt":{"rendered":"<p>Publications Selections from the Giliana Kudsha &#8211; Volume 1 Videos The Twelve Virtues Playlist on YouTube Videos hosted on Rumble.com Backgrounds \/ Wallpaper \/ Scripture Images Click the image for the full size Documents in Portuguese Persegui\u00e7\u00e3o ao Remanescente Luz da Luz Alimentando-se das Palavras Sagradas Eu enviei Meu Tabern\u00e1culo (translation of &#8220;I Have Sent &#8230; <a title=\"Downloads\" class=\"read-more\" href=\"https:\/\/hisdivinepresence.org\/en\/downloads\/\" aria-label=\"Read more about Downloads\">Read more<\/a><\/p>\n","protected":false},"author":1,"featured_media":0,"parent":0,"menu_order":0,"comment_status":"closed","ping_status":"closed","template":"","meta":{"footnotes":""},"class_list":["post-93","page","type-page","status-publish"],"_links":{"self":[{"href":"https:\/\/hisdivinepresence.org\/en\/wp-json\/wp\/v2\/pages\/93","targetHints":{"allow":["GET"]}}],"collection":[{"href":"https:\/\/hisdivinepresence.org\/en\/wp-json\/wp\/v2\/pages"}],"about":[{"href":"https:\/\/hisdivinepresence.org\/en\/wp-json\/wp\/v2\/types\/page"}],"author":[{"embeddable":true,"href":"https:\/\/hisdivinepresence.org\/en\/wp-json\/wp\/v2\/users\/1"}],"replies":[{"embeddable":true,"href":"https:\/\/hisdivinepresence.org\/en\/wp-json\/wp\/v2\/comments?post=93"}],"version-history":[{"count":8,"href":"https:\/\/hisdivinepresence.org\/en\/wp-json\/wp\/v2\/pages\/93\/revisions"}],"predecessor-version":[{"id":430,"href":"https:\/\/hisdivinepresence.org\/en\/wp-json\/wp\/v2\/pages\/93\/revisions\/430"}],"wp:attachment":[{"href":"https:\/\/hisdivinepresence.org\/en\/wp-json\/wp\/v2\/media?parent=93"}],"curies":[{"name":"wp","href":"https:\/\/api.w.org\/{rel}","templated":true}]}}